{"id":2274,"date":"2026-03-27T07:52:13","date_gmt":"2026-03-27T06:52:13","guid":{"rendered":"https:\/\/kamegenterprise.com\/politique-de-confidentialite\/"},"modified":"2026-03-30T16:31:46","modified_gmt":"2026-03-30T14:31:46","slug":"politique-de-confidentialite","status":"publish","type":"page","link":"https:\/\/kamegenterprise.com\/fr\/politique-de-confidentialite\/","title":{"rendered":"Politique de confidentialit\u00e9"},"content":{"rendered":"<style>.kb-row-layout-id3_614793-df > .kt-row-column-wrap{align-content:start;}:where(.kb-row-layout-id3_614793-df > .kt-row-column-wrap) > .wp-block-kadence-column{justify-content:start;}.kb-row-layout-id3_614793-df > .kt-row-column-wrap{column-gap:var(--global-kb-gap-md, 2rem);row-gap:var(--global-kb-gap-md, 2rem);max-width:var( --global-content-width, 1290px );padding-left:var(--global-content-edge-padding);padding-right:var(--global-content-edge-padding);padding-top:var(--global-kb-spacing-3xl, 6.5rem);padding-bottom:var(--global-kb-spacing-3xl, 6.5rem);grid-template-columns:minmax(0, calc(70% - ((var(--global-kb-gap-md, 2rem) * 1 )\/2)))minmax(0, calc(30% - ((var(--global-kb-gap-md, 2rem) * 1 )\/2)));}.kb-row-layout-id3_614793-df > .kt-row-layout-overlay{opacity:0.80;}.kb-row-layout-id3_614793-df ,.kb-row-layout-id3_614793-df h1,.kb-row-layout-id3_614793-df h2,.kb-row-layout-id3_614793-df h3,.kb-row-layout-id3_614793-df h4,.kb-row-layout-id3_614793-df h5,.kb-row-layout-id3_614793-df h6{color:var(--global-palette3, #1A202C);}.kb-row-layout-id3_614793-df a{color:var(--global-palette4, #2D3748);}.kb-row-layout-id3_614793-df a:hover{color:var(--global-palette5, #4A5568);}@media all and (max-width: 1024px){.kb-row-layout-id3_614793-df > .kt-row-column-wrap{grid-template-columns:minmax(0, 1fr);}}@media all and (max-width: 767px){.kb-row-layout-id3_614793-df > .kt-row-column-wrap{grid-template-columns:minmax(0, 1fr);}}<\/style><div class=\"kb-row-layout-wrap kb-row-layout-id3_614793-df alignfull has-theme-palette9-background-color kt-row-has-bg wp-block-kadence-rowlayout\"><div class=\"kt-row-column-wrap kt-has-2-columns kt-row-layout-equal kt-tab-layout-row kt-mobile-layout-row kt-row-valign-top kb-theme-content-width\">\n<style>.kadence-column3_784498-ea > .kt-inside-inner-col,.kadence-column3_784498-ea > .kt-inside-inner-col:before{border-top-left-radius:0px;border-top-right-radius:0px;border-bottom-right-radius:0px;border-bottom-left-radius:0px;}.kadence-column3_784498-ea > .kt-inside-inner-col{column-gap:var(--global-kb-gap-sm, 1rem);}.kadence-column3_784498-ea > .kt-inside-inner-col{flex-direction:column;}.kadence-column3_784498-ea > .kt-inside-inner-col > .aligncenter{width:100%;}.kadence-column3_784498-ea > .kt-inside-inner-col:before{opacity:0.3;}.kadence-column3_784498-ea{position:relative;}@media all and (max-width: 1024px){.kadence-column3_784498-ea > .kt-inside-inner-col{flex-direction:column;justify-content:center;}}@media all and (max-width: 767px){.kadence-column3_784498-ea > .kt-inside-inner-col{flex-direction:column;justify-content:center;}}<\/style>\n<div class=\"wp-block-kadence-column kadence-column3_784498-ea\"><div class=\"kt-inside-inner-col\"><style>.wp-block-kadence-advancedheading.kt-adv-heading3_860085-a6, .wp-block-kadence-advancedheading.kt-adv-heading3_860085-a6[data-kb-block=\"kb-adv-heading3_860085-a6\"]{margin-top:0px;font-size:var(--global-kb-font-size-lg, 2rem);line-height:1.2;font-style:normal;}.wp-block-kadence-advancedheading.kt-adv-heading3_860085-a6 mark.kt-highlight, .wp-block-kadence-advancedheading.kt-adv-heading3_860085-a6[data-kb-block=\"kb-adv-heading3_860085-a6\"] mark.kt-highlight{font-style:normal;color:#f76a0c;-webkit-box-decoration-break:clone;box-decoration-break:clone;padding-top:0px;padding-right:0px;padding-bottom:0px;padding-left:0px;}.wp-block-kadence-advancedheading.kt-adv-heading3_860085-a6 img.kb-inline-image, .wp-block-kadence-advancedheading.kt-adv-heading3_860085-a6[data-kb-block=\"kb-adv-heading3_860085-a6\"] img.kb-inline-image{width:150px;vertical-align:baseline;}@media all and (max-width: 1024px){.wp-block-kadence-advancedheading.kt-adv-heading3_860085-a6, .wp-block-kadence-advancedheading.kt-adv-heading3_860085-a6[data-kb-block=\"kb-adv-heading3_860085-a6\"]{text-align:center!important;}}<\/style>\n<h2 class=\"kt-adv-heading3_860085-a6 wp-block-kadence-advancedheading has-theme-palette-3-color has-text-color\" data-kb-block=\"kb-adv-heading3_860085-a6\">Politique de confidentialit\u00e9<\/h2>\n\n\n\n<p class=\"has-theme-palette-6-color has-text-color has-link-color wp-elements-3e6153a9d2e120f88416ae1262a82eaf\"><strong>1. Responsable du traitement<\/strong><br\/>Le responsable du traitement au sens du R\u00e8glement g\u00e9n\u00e9ral sur la protection des donn\u00e9es (RGPD) est :<br\/><br\/>Eric Kamguia Mve<br\/><a href=\"mailto:info@kamegenterprise.com\">info@kamegenterprise.com<\/a><\/p>\n\n\n\n<p class=\"has-theme-palette-6-color has-text-color has-link-color wp-elements-c0bf0c9d7c40059ea4d33682cd799175\"><strong>KAMEG ENTERPRISE LLC<br\/><\/strong>7901 4TH ST N STE 300<br\/>St. Petersburg, Florida,<br\/>USA 33702<br\/><br\/><strong>2. Collecte de donn\u00e9es par Google Maps<\/strong><br\/>Ce site web utilise le service de cartographie <strong>Google Maps<\/strong> de Google Ireland Limited, Gordon House, Barrow Street, Dublin 4, Irlande.<br\/>En utilisant Google Maps, les donn\u00e9es suivantes sont transmises \u00e0 Google et stock\u00e9es sur des serveurs aux \u00c9tats-Unis :<br\/>Votre adresse IP<br\/>Le cas \u00e9ch\u00e9ant, les donn\u00e9es de localisation (si activ\u00e9es)<br\/>Des informations techniques telles que le type et la version du navigateur<br\/><br\/><strong>Base juridique :<\/strong> <br\/>Art. 6, al. 1, let. f du RGPD (int\u00e9r\u00eat l\u00e9gitime \u00e0 la pr\u00e9sentation conviviale de nos sites).<br\/><strong>Possibilit\u00e9 d&rsquo;opposition :<\/strong> Vous pouvez emp\u00eacher la transmission de ces donn\u00e9es en d\u00e9sactivant JavaScript dans les param\u00e8tres de votre navigateur. Dans ce cas, vous ne pourrez cependant pas utiliser Google Maps.<br\/><br\/><strong>3. Vos droits<br\/><\/strong>Vous avez le droit de :**<br\/>&#8211; Demander des informations sur vos donn\u00e9es stock\u00e9es (Art. 15 RGPD)<br\/>&#8211; Faire rectifier des donn\u00e9es inexactes (Art. 16 RGPD)<br\/>&#8211; Demander la suppression de vos donn\u00e9es (Art. 17 RGPD)<br\/>&#8211; Demander la limitation du traitement (Art. 18 RGPD)<br\/>&#8211; Vous opposer au traitement (Art. 21 RGPD)<br\/>&#8211; Demander la portabilit\u00e9 des donn\u00e9es (Art. 20 RGPD)<br\/><br\/>Pour toute demande, veuillez contacter : <a href=\"mailto:info@kamegenterprise.com\">info@kamegenterprise.com<\/a><br\/><br\/><strong>4. Mise \u00e0 jour de cette politique de confidentialit\u00e9<br\/><\/strong>Nous nous r\u00e9servons le droit d&rsquo;adapter cette politique de confidentialit\u00e9 afin de l&rsquo;aligner sur les \u00e9volutions l\u00e9gales ou les modifications de notre site web.<br\/><br\/><strong>\u00c9tat :<\/strong> 27\/03\/206<\/p>\n<\/div><\/div>\n\n\n<style>.kadence-column3_1d9784-1b > .kt-inside-inner-col,.kadence-column3_1d9784-1b > .kt-inside-inner-col:before{border-top-left-radius:0px;border-top-right-radius:0px;border-bottom-right-radius:0px;border-bottom-left-radius:0px;}.kadence-column3_1d9784-1b > .kt-inside-inner-col{column-gap:var(--global-kb-gap-sm, 1rem);}.kadence-column3_1d9784-1b > .kt-inside-inner-col{flex-direction:column;}.kadence-column3_1d9784-1b > .kt-inside-inner-col > .aligncenter{width:100%;}.kadence-column3_1d9784-1b > .kt-inside-inner-col:before{opacity:0.3;}.kadence-column3_1d9784-1b{position:relative;}@media all and (max-width: 1024px){.kadence-column3_1d9784-1b > .kt-inside-inner-col{flex-direction:column;justify-content:center;}}@media all and (max-width: 767px){.kadence-column3_1d9784-1b > .kt-inside-inner-col{flex-direction:column;justify-content:center;}}<\/style>\n<div class=\"wp-block-kadence-column kadence-column3_1d9784-1b\"><div class=\"kt-inside-inner-col\"><style>.kb-row-layout-id3_e8c0f1-55 > .kt-row-column-wrap{align-content:start;}:where(.kb-row-layout-id3_e8c0f1-55 > .kt-row-column-wrap) > .wp-block-kadence-column{justify-content:start;}.kb-row-layout-id3_e8c0f1-55 > .kt-row-column-wrap{column-gap:var(--global-kb-gap-md, 2rem);row-gap:var(--global-kb-gap-md, 2rem);padding-top:0px;padding-right:0px;padding-bottom:0px;padding-left:0px;grid-template-columns:minmax(0, 1fr);}.kb-row-layout-id3_e8c0f1-55 > .kt-row-layout-overlay{opacity:0.30;}@media all and (max-width: 1024px){.kb-row-layout-id3_e8c0f1-55 > .kt-row-column-wrap{padding-right:var(--global-kb-spacing-4xl, 8rem);padding-left:var(--global-kb-spacing-4xl, 8rem);grid-template-columns:minmax(0, 1fr);}}@media all and (max-width: 767px){.kb-row-layout-id3_e8c0f1-55 > .kt-row-column-wrap{padding-right:0px;padding-left:0px;grid-template-columns:minmax(0, 1fr);}}<\/style><div class=\"kb-row-layout-wrap kb-row-layout-id3_e8c0f1-55 alignnone wp-block-kadence-rowlayout\"><div class=\"kt-row-column-wrap kt-has-1-columns kt-row-layout-equal kt-tab-layout-inherit kt-mobile-layout-row kt-row-valign-top\">\n<style>.kadence-column3_3c5c39-50 > .kt-inside-inner-col,.kadence-column3_3c5c39-50 > .kt-inside-inner-col:before{border-top-left-radius:0px;border-top-right-radius:0px;border-bottom-right-radius:0px;border-bottom-left-radius:0px;}.kadence-column3_3c5c39-50 > .kt-inside-inner-col{column-gap:var(--global-kb-gap-sm, 1rem);}.kadence-column3_3c5c39-50 > .kt-inside-inner-col{flex-direction:column;}.kadence-column3_3c5c39-50 > .kt-inside-inner-col > .aligncenter{width:100%;}.kadence-column3_3c5c39-50 > .kt-inside-inner-col:before{opacity:0.3;}.kadence-column3_3c5c39-50{position:relative;}@media all and (max-width: 1024px){.kadence-column3_3c5c39-50 > .kt-inside-inner-col{flex-direction:column;justify-content:center;}}@media all and (max-width: 767px){.kadence-column3_3c5c39-50 > .kt-inside-inner-col{flex-direction:column;justify-content:center;}}<\/style>\n<div class=\"wp-block-kadence-column kadence-column3_3c5c39-50\"><div class=\"kt-inside-inner-col\"><\/div><\/div>\n\n<\/div><\/div><\/div><\/div>\n\n<\/div><\/div>\n<p><\/p>\n","protected":false},"excerpt":{"rendered":"<p>Politique de confidentialit\u00e9 1. Responsable du traitementLe responsable du traitement au sens du R\u00e8glement g\u00e9n\u00e9ral sur la protection des donn\u00e9es (RGPD) est : Eric Kamguia Mveinfo@kamegenterprise.com KAMEG ENTERPRISE LLC7901 4TH ST N STE 300St. Petersburg, Florida,USA 33702 2. Collecte de donn\u00e9es par Google MapsCe site web utilise le service de cartographie Google Maps de Google&#8230;<\/p>\n","protected":false},"author":1,"featured_media":0,"parent":0,"menu_order":2,"comment_status":"closed","ping_status":"closed","template":"","meta":{"_kadence_starter_templates_imported_post":false,"_kad_post_transparent":"","_kad_post_title":"","_kad_post_layout":"","_kad_post_sidebar_id":"","_kad_post_content_style":"","_kad_post_vertical_padding":"","_kad_post_feature":"","_kad_post_feature_position":"","_kad_post_header":false,"_kad_post_footer":false,"_kad_post_classname":"","footnotes":""},"class_list":["post-2274","page","type-page","status-publish","hentry"],"_links":{"self":[{"href":"https:\/\/kamegenterprise.com\/fr\/wp-json\/wp\/v2\/pages\/2274","targetHints":{"allow":["GET"]}}],"collection":[{"href":"https:\/\/kamegenterprise.com\/fr\/wp-json\/wp\/v2\/pages"}],"about":[{"href":"https:\/\/kamegenterprise.com\/fr\/wp-json\/wp\/v2\/types\/page"}],"author":[{"embeddable":true,"href":"https:\/\/kamegenterprise.com\/fr\/wp-json\/wp\/v2\/users\/1"}],"replies":[{"embeddable":true,"href":"https:\/\/kamegenterprise.com\/fr\/wp-json\/wp\/v2\/comments?post=2274"}],"version-history":[{"count":3,"href":"https:\/\/kamegenterprise.com\/fr\/wp-json\/wp\/v2\/pages\/2274\/revisions"}],"predecessor-version":[{"id":2277,"href":"https:\/\/kamegenterprise.com\/fr\/wp-json\/wp\/v2\/pages\/2274\/revisions\/2277"}],"wp:attachment":[{"href":"https:\/\/kamegenterprise.com\/fr\/wp-json\/wp\/v2\/media?parent=2274"}],"curies":[{"name":"wp","href":"https:\/\/api.w.org\/{rel}","templated":true}]}}