{"id":3,"date":"2026-03-27T07:52:13","date_gmt":"2026-03-27T07:52:13","guid":{"rendered":"http:\/\/kamegenterprise.com\/?page_id=3"},"modified":"2026-03-27T13:46:04","modified_gmt":"2026-03-27T12:46:04","slug":"datenschutzerklaerung","status":"publish","type":"page","link":"https:\/\/kamegenterprise.com\/de\/datenschutzerklaerung\/","title":{"rendered":"Datenschutzerkl\u00e4rung"},"content":{"rendered":"<style>.kb-row-layout-id3_614793-df > .kt-row-column-wrap{align-content:start;}:where(.kb-row-layout-id3_614793-df > .kt-row-column-wrap) > .wp-block-kadence-column{justify-content:start;}.kb-row-layout-id3_614793-df > .kt-row-column-wrap{column-gap:var(--global-kb-gap-md, 2rem);row-gap:var(--global-kb-gap-md, 2rem);max-width:var( --global-content-width, 1290px );padding-left:var(--global-content-edge-padding);padding-right:var(--global-content-edge-padding);padding-top:var(--global-kb-spacing-3xl, 6.5rem);padding-bottom:var(--global-kb-spacing-3xl, 6.5rem);grid-template-columns:minmax(0, calc(70% - ((var(--global-kb-gap-md, 2rem) * 1 )\/2)))minmax(0, calc(30% - ((var(--global-kb-gap-md, 2rem) * 1 )\/2)));}.kb-row-layout-id3_614793-df > .kt-row-layout-overlay{opacity:0.80;}.kb-row-layout-id3_614793-df ,.kb-row-layout-id3_614793-df h1,.kb-row-layout-id3_614793-df h2,.kb-row-layout-id3_614793-df h3,.kb-row-layout-id3_614793-df h4,.kb-row-layout-id3_614793-df h5,.kb-row-layout-id3_614793-df h6{color:var(--global-palette3, #1A202C);}.kb-row-layout-id3_614793-df a{color:var(--global-palette4, #2D3748);}.kb-row-layout-id3_614793-df a:hover{color:var(--global-palette5, #4A5568);}@media all and (max-width: 1024px){.kb-row-layout-id3_614793-df > .kt-row-column-wrap{grid-template-columns:minmax(0, 1fr);}}@media all and (max-width: 767px){.kb-row-layout-id3_614793-df > .kt-row-column-wrap{grid-template-columns:minmax(0, 1fr);}}<\/style><div class=\"kb-row-layout-wrap kb-row-layout-id3_614793-df alignfull has-theme-palette9-background-color kt-row-has-bg wp-block-kadence-rowlayout\"><div class=\"kt-row-column-wrap kt-has-2-columns kt-row-layout-equal kt-tab-layout-row kt-mobile-layout-row kt-row-valign-top kb-theme-content-width\">\n<style>.kadence-column3_784498-ea > .kt-inside-inner-col,.kadence-column3_784498-ea > .kt-inside-inner-col:before{border-top-left-radius:0px;border-top-right-radius:0px;border-bottom-right-radius:0px;border-bottom-left-radius:0px;}.kadence-column3_784498-ea > .kt-inside-inner-col{column-gap:var(--global-kb-gap-sm, 1rem);}.kadence-column3_784498-ea > .kt-inside-inner-col{flex-direction:column;}.kadence-column3_784498-ea > .kt-inside-inner-col > .aligncenter{width:100%;}.kadence-column3_784498-ea > .kt-inside-inner-col:before{opacity:0.3;}.kadence-column3_784498-ea{position:relative;}@media all and (max-width: 1024px){.kadence-column3_784498-ea > .kt-inside-inner-col{flex-direction:column;justify-content:center;}}@media all and (max-width: 767px){.kadence-column3_784498-ea > .kt-inside-inner-col{flex-direction:column;justify-content:center;}}<\/style>\n<div class=\"wp-block-kadence-column kadence-column3_784498-ea\"><div class=\"kt-inside-inner-col\"><style>.wp-block-kadence-advancedheading.kt-adv-heading3_860085-a6, .wp-block-kadence-advancedheading.kt-adv-heading3_860085-a6[data-kb-block=\"kb-adv-heading3_860085-a6\"]{margin-top:0px;font-size:var(--global-kb-font-size-lg, 2rem);line-height:1.2;font-style:normal;}.wp-block-kadence-advancedheading.kt-adv-heading3_860085-a6 mark.kt-highlight, .wp-block-kadence-advancedheading.kt-adv-heading3_860085-a6[data-kb-block=\"kb-adv-heading3_860085-a6\"] mark.kt-highlight{font-style:normal;color:#f76a0c;-webkit-box-decoration-break:clone;box-decoration-break:clone;padding-top:0px;padding-right:0px;padding-bottom:0px;padding-left:0px;}.wp-block-kadence-advancedheading.kt-adv-heading3_860085-a6 img.kb-inline-image, .wp-block-kadence-advancedheading.kt-adv-heading3_860085-a6[data-kb-block=\"kb-adv-heading3_860085-a6\"] img.kb-inline-image{width:150px;vertical-align:baseline;}@media all and (max-width: 1024px){.wp-block-kadence-advancedheading.kt-adv-heading3_860085-a6, .wp-block-kadence-advancedheading.kt-adv-heading3_860085-a6[data-kb-block=\"kb-adv-heading3_860085-a6\"]{text-align:center!important;}}<\/style>\n<h2 class=\"kt-adv-heading3_860085-a6 wp-block-kadence-advancedheading has-theme-palette-3-color has-text-color\" data-kb-block=\"kb-adv-heading3_860085-a6\">Datenschutzerkl\u00e4rung<\/h2>\n\n\n\n<p class=\"has-theme-palette-6-color has-text-color has-link-color wp-elements-009886259241d9a09d3640802c548e6e\"><strong>1. Verantwortlicher<\/strong><br>Verantwortlicher im Sinne der Datenschutz-Grundverordnung (DSGVO) ist:<br><br>Eric Kamguia Mve<br><a href=\"mailto:info@kamegenterprise.com\">info@kamegenterprise.com<\/a><\/p>\n\n\n\n<p class=\"has-theme-palette-6-color has-text-color has-link-color wp-elements-a4a416a408e02eb25793bb69e4f65787\"><strong>KAMEG ENTERPRISE LLC<br><\/strong>7901 4TH ST N STE 300<br>St. Petersburg, Florida,<br>USA 33702<br><br><strong>2. Datenerhebung durch Google Maps<\/strong><br>Diese Website nutzt den Kartendienst <strong>Google Maps<\/strong> der Google Ireland Limited, Gordon House, Barrow Street, Dublin 4, Irland.<br>Durch die Nutzung von Google Maps werden folgende Daten an Google \u00fcbermittelt und auf Servern in den USA gespeichert:<br>Ihre IP-Adresse<br>Ggf. Standortdaten (falls freigegeben)<br>Technische Informationen wie Browser-Typ und -Version<br><br><strong>Rechtsgrundlage:<\/strong> <br>Art. 6 Abs. 1 lit. f DSGVO (berchtigtes Interesse an der nutzerfreundlichen Darstellung unserer Standorte).<br><strong>Widerspruchsm\u00f6glichkeit:<\/strong> Sie k\u00f6nnen die \u00dcbermittlung dieser Daten verhindern, indem Sie JavaScript in Ihren Browsereinstellungen deaktivieren. In diesem Fall k\u00f6nnen Sie jedoch Google Maps nicht nutzen.<br><br><strong>3. Ihre Rechte<br><\/strong>Sie haben das Recht auf:**<br>&#8211; Auskunft \u00fcber Ihre gespeicherten Daten (Art. 15 DSGVO)<br>&#8211; Berichtigung unrichtiger Daten (Art. 16 DSGVO)<br>&#8211; L\u00f6schung Ihrer Daten (Art. 17 DSGVO)<br>&#8211; Einschr\u00e4nkung der Verarbeitung (Art. 18 DSGVO)<br>Widerspruch gegen die Verarbeitung (Art. 21 DSGVO)<br>&#8211; Daten\u00fcbertragbarkeit (Art. 20 DSGVO)<br><br>F\u00fcr Anfragen wenden Sie sich bitte an: <a href=\"mailto:info@kamegenterprise.com\">info@kamegenterprise.com<\/a><br><br><strong>4. Aktualisierung dieser Datenschutzerkl\u00e4rung<br><\/strong>Wir behalten uns vor, diese Datenschutzerkl\u00e4rung anzupassen, um sie an ge\u00e4nderte Rechtslagen oder \u00c4nderungen unserer Website anzupassen.<br><br><strong>Stand:<\/strong> 27.03.206<\/p>\n<\/div><\/div>\n\n\n<style>.kadence-column3_1d9784-1b > .kt-inside-inner-col,.kadence-column3_1d9784-1b > .kt-inside-inner-col:before{border-top-left-radius:0px;border-top-right-radius:0px;border-bottom-right-radius:0px;border-bottom-left-radius:0px;}.kadence-column3_1d9784-1b > .kt-inside-inner-col{column-gap:var(--global-kb-gap-sm, 1rem);}.kadence-column3_1d9784-1b > .kt-inside-inner-col{flex-direction:column;}.kadence-column3_1d9784-1b > .kt-inside-inner-col > .aligncenter{width:100%;}.kadence-column3_1d9784-1b > .kt-inside-inner-col:before{opacity:0.3;}.kadence-column3_1d9784-1b{position:relative;}@media all and (max-width: 1024px){.kadence-column3_1d9784-1b > .kt-inside-inner-col{flex-direction:column;justify-content:center;}}@media all and (max-width: 767px){.kadence-column3_1d9784-1b > .kt-inside-inner-col{flex-direction:column;justify-content:center;}}<\/style>\n<div class=\"wp-block-kadence-column kadence-column3_1d9784-1b\"><div class=\"kt-inside-inner-col\"><style>.kb-row-layout-id3_e8c0f1-55 > .kt-row-column-wrap{align-content:start;}:where(.kb-row-layout-id3_e8c0f1-55 > .kt-row-column-wrap) > .wp-block-kadence-column{justify-content:start;}.kb-row-layout-id3_e8c0f1-55 > .kt-row-column-wrap{column-gap:var(--global-kb-gap-md, 2rem);row-gap:var(--global-kb-gap-md, 2rem);padding-top:0px;padding-right:0px;padding-bottom:0px;padding-left:0px;grid-template-columns:minmax(0, 1fr);}.kb-row-layout-id3_e8c0f1-55 > .kt-row-layout-overlay{opacity:0.30;}@media all and (max-width: 1024px){.kb-row-layout-id3_e8c0f1-55 > .kt-row-column-wrap{padding-right:var(--global-kb-spacing-4xl, 8rem);padding-left:var(--global-kb-spacing-4xl, 8rem);grid-template-columns:minmax(0, 1fr);}}@media all and (max-width: 767px){.kb-row-layout-id3_e8c0f1-55 > .kt-row-column-wrap{padding-right:0px;padding-left:0px;grid-template-columns:minmax(0, 1fr);}}<\/style><div class=\"kb-row-layout-wrap kb-row-layout-id3_e8c0f1-55 alignnone wp-block-kadence-rowlayout\"><div class=\"kt-row-column-wrap kt-has-1-columns kt-row-layout-equal kt-tab-layout-inherit kt-mobile-layout-row kt-row-valign-top\">\n<style>.kadence-column3_3c5c39-50 > .kt-inside-inner-col,.kadence-column3_3c5c39-50 > .kt-inside-inner-col:before{border-top-left-radius:0px;border-top-right-radius:0px;border-bottom-right-radius:0px;border-bottom-left-radius:0px;}.kadence-column3_3c5c39-50 > .kt-inside-inner-col{column-gap:var(--global-kb-gap-sm, 1rem);}.kadence-column3_3c5c39-50 > .kt-inside-inner-col{flex-direction:column;}.kadence-column3_3c5c39-50 > .kt-inside-inner-col > .aligncenter{width:100%;}.kadence-column3_3c5c39-50 > .kt-inside-inner-col:before{opacity:0.3;}.kadence-column3_3c5c39-50{position:relative;}@media all and (max-width: 1024px){.kadence-column3_3c5c39-50 > .kt-inside-inner-col{flex-direction:column;justify-content:center;}}@media all and (max-width: 767px){.kadence-column3_3c5c39-50 > .kt-inside-inner-col{flex-direction:column;justify-content:center;}}<\/style>\n<div class=\"wp-block-kadence-column kadence-column3_3c5c39-50\"><div class=\"kt-inside-inner-col\"><\/div><\/div>\n\n<\/div><\/div><\/div><\/div>\n\n<\/div><\/div>\n\n\n<p><\/p>\n","protected":false},"excerpt":{"rendered":"<p>Datenschutzerkl\u00e4rung 1. VerantwortlicherVerantwortlicher im Sinne der Datenschutz-Grundverordnung (DSGVO) ist: Eric Kamguia Mveinfo@kamegenterprise.com KAMEG ENTERPRISE LLC7901 4TH ST N STE 300St. Petersburg, Florida,USA 33702 2. Datenerhebung durch Google MapsDiese Website nutzt den Kartendienst Google Maps der Google Ireland Limited, Gordon House, Barrow Street, Dublin 4, Irland.Durch die Nutzung von Google Maps werden folgende Daten an Google&#8230;<\/p>\n","protected":false},"author":1,"featured_media":0,"parent":0,"menu_order":2,"comment_status":"closed","ping_status":"closed","template":"","meta":{"_kadence_starter_templates_imported_post":false,"_kad_post_transparent":"","_kad_post_title":"","_kad_post_layout":"","_kad_post_sidebar_id":"","_kad_post_content_style":"","_kad_post_vertical_padding":"","_kad_post_feature":"","_kad_post_feature_position":"","_kad_post_header":false,"_kad_post_footer":false,"_kad_post_classname":"","footnotes":""},"class_list":["post-3","page","type-page","status-publish","hentry"],"_links":{"self":[{"href":"https:\/\/kamegenterprise.com\/de\/wp-json\/wp\/v2\/pages\/3","targetHints":{"allow":["GET"]}}],"collection":[{"href":"https:\/\/kamegenterprise.com\/de\/wp-json\/wp\/v2\/pages"}],"about":[{"href":"https:\/\/kamegenterprise.com\/de\/wp-json\/wp\/v2\/types\/page"}],"author":[{"embeddable":true,"href":"https:\/\/kamegenterprise.com\/de\/wp-json\/wp\/v2\/users\/1"}],"replies":[{"embeddable":true,"href":"https:\/\/kamegenterprise.com\/de\/wp-json\/wp\/v2\/comments?post=3"}],"version-history":[{"count":5,"href":"https:\/\/kamegenterprise.com\/de\/wp-json\/wp\/v2\/pages\/3\/revisions"}],"predecessor-version":[{"id":2219,"href":"https:\/\/kamegenterprise.com\/de\/wp-json\/wp\/v2\/pages\/3\/revisions\/2219"}],"wp:attachment":[{"href":"https:\/\/kamegenterprise.com\/de\/wp-json\/wp\/v2\/media?parent=3"}],"curies":[{"name":"wp","href":"https:\/\/api.w.org\/{rel}","templated":true}]}}